{"id":25,"date":"2016-02-12T08:13:22","date_gmt":"2016-02-12T08:13:22","guid":{"rendered":"http:\/\/demos.famethemes.com\/onepress\/?page_id=25"},"modified":"2022-07-29T17:34:01","modified_gmt":"2022-07-29T17:34:01","slug":"seguridad","status":"publish","type":"page","link":"https:\/\/www.generacionit.com.gt\/index.php\/seguridad\/","title":{"rendered":"Seguridad"},"content":{"rendered":"<p>Implementamos FIREWALL certificado en las organizaciones para contribuir con el resguardo y la protecci\u00f3n de su informaci\u00f3n. Los ciberataques no solo se ven en Europa, ya es una realidad en nuestros pa\u00edses y nosotros estamos preparados para resolver.<\/p>\n<p>Adem\u00e1s de la implementaci\u00f3n, brindamos capacitaci\u00f3n a los colaboradores con respecto a los siguientes temas:<\/p>\n<ul>\n<li>Concientizaci\u00f3n del usuario<\/li>\n<li>La importancia de la seguridad<\/li>\n<li>Manejo correcto de la tecnolog\u00eda y sus consecuencias<\/li>\n<li>Ransomware<\/li>\n<li>Herramientas de prevenci\u00f3n<\/li>\n<li>Recomendaciones<\/li>\n<\/ul>\n","protected":false},"excerpt":{"rendered":"<p>Implementamos software y hardware en las organizaciones para contribuir con el resguardo y la protecci\u00f3n de su informaci\u00f3n.<\/p>\n","protected":false},"author":1,"featured_media":0,"parent":0,"menu_order":0,"comment_status":"closed","ping_status":"closed","template":"","meta":{"footnotes":""},"class_list":["post-25","page","type-page","status-publish","hentry"],"_links":{"self":[{"href":"https:\/\/www.generacionit.com.gt\/index.php\/wp-json\/wp\/v2\/pages\/25","targetHints":{"allow":["GET"]}}],"collection":[{"href":"https:\/\/www.generacionit.com.gt\/index.php\/wp-json\/wp\/v2\/pages"}],"about":[{"href":"https:\/\/www.generacionit.com.gt\/index.php\/wp-json\/wp\/v2\/types\/page"}],"author":[{"embeddable":true,"href":"https:\/\/www.generacionit.com.gt\/index.php\/wp-json\/wp\/v2\/users\/1"}],"replies":[{"embeddable":true,"href":"https:\/\/www.generacionit.com.gt\/index.php\/wp-json\/wp\/v2\/comments?post=25"}],"version-history":[{"count":3,"href":"https:\/\/www.generacionit.com.gt\/index.php\/wp-json\/wp\/v2\/pages\/25\/revisions"}],"predecessor-version":[{"id":1478,"href":"https:\/\/www.generacionit.com.gt\/index.php\/wp-json\/wp\/v2\/pages\/25\/revisions\/1478"}],"wp:attachment":[{"href":"https:\/\/www.generacionit.com.gt\/index.php\/wp-json\/wp\/v2\/media?parent=25"}],"curies":[{"name":"wp","href":"https:\/\/api.w.org\/{rel}","templated":true}]}}