{"id":26,"date":"2016-02-12T08:13:33","date_gmt":"2016-02-12T08:13:33","guid":{"rendered":"http:\/\/demos.famethemes.com\/onepress\/?page_id=26"},"modified":"2022-07-29T17:31:35","modified_gmt":"2022-07-29T17:31:35","slug":"desarrollo-web","status":"publish","type":"page","link":"https:\/\/www.generacionit.com.gt\/index.php\/desarrollo-web\/","title":{"rendered":"Dise\u00f1o y desarrollo web"},"content":{"rendered":"<p>Nos preocupamos por brindarle un servicio personalizado, teniendo en cuenta las necesidades y requerimientos de su empresa, as\u00ed como la originalidad, creatividad y funcionalidad del sitio web.<\/p>\n<p>Dise\u00f1amos y desarrollamos sitios web estrat\u00e9gicos, con el objetivo de brindar una herramienta sencilla, \u00fatil y rentable que genere ingresos y beneficios para su empresa.<\/p>\n","protected":false},"excerpt":{"rendered":"<p>Dise\u00f1amos y desarrollamos sitios web estrat\u00e9gicos, con el objetivo de brindar una herramienta sencilla, \u00fatil y rentable.<\/p>\n","protected":false},"author":1,"featured_media":0,"parent":0,"menu_order":0,"comment_status":"closed","ping_status":"closed","template":"","meta":{"footnotes":""},"class_list":["post-26","page","type-page","status-publish","hentry"],"_links":{"self":[{"href":"https:\/\/www.generacionit.com.gt\/index.php\/wp-json\/wp\/v2\/pages\/26","targetHints":{"allow":["GET"]}}],"collection":[{"href":"https:\/\/www.generacionit.com.gt\/index.php\/wp-json\/wp\/v2\/pages"}],"about":[{"href":"https:\/\/www.generacionit.com.gt\/index.php\/wp-json\/wp\/v2\/types\/page"}],"author":[{"embeddable":true,"href":"https:\/\/www.generacionit.com.gt\/index.php\/wp-json\/wp\/v2\/users\/1"}],"replies":[{"embeddable":true,"href":"https:\/\/www.generacionit.com.gt\/index.php\/wp-json\/wp\/v2\/comments?post=26"}],"version-history":[{"count":5,"href":"https:\/\/www.generacionit.com.gt\/index.php\/wp-json\/wp\/v2\/pages\/26\/revisions"}],"predecessor-version":[{"id":1482,"href":"https:\/\/www.generacionit.com.gt\/index.php\/wp-json\/wp\/v2\/pages\/26\/revisions\/1482"}],"wp:attachment":[{"href":"https:\/\/www.generacionit.com.gt\/index.php\/wp-json\/wp\/v2\/media?parent=26"}],"curies":[{"name":"wp","href":"https:\/\/api.w.org\/{rel}","templated":true}]}}